{"id":72,"date":"2024-07-03T19:56:35","date_gmt":"2024-07-03T19:56:35","guid":{"rendered":"https:\/\/adapciak.paneuropa.com.pl\/?page_id=72"},"modified":"2025-07-17T19:17:47","modified_gmt":"2025-07-17T19:17:47","slug":"co-cie-czeka","status":"publish","type":"page","link":"https:\/\/adapciak.paneuropa.com.pl\/?page_id=72","title":{"rendered":"Co Ci\u0119 czeka?"},"content":{"rendered":"\t\t<div data-elementor-type=\"wp-page\" data-elementor-id=\"72\" class=\"elementor elementor-72\">\n\t\t\t\t<div class=\"elementor-element elementor-element-b3de384 e-flex e-con-boxed e-con e-parent\" data-id=\"b3de384\" data-element_type=\"container\" data-e-type=\"container\">\n\t\t\t\t\t<div class=\"e-con-inner\">\n\t\t\t\t<div class=\"elementor-element elementor-element-d266962 elementor-widget elementor-widget-heading\" data-id=\"d266962\" data-element_type=\"widget\" data-e-type=\"widget\" data-widget_type=\"heading.default\">\n\t\t\t\t<div class=\"elementor-widget-container\">\n\t\t\t\t\t<h2 class=\"elementor-heading-title elementor-size-default\">Co ci\u0119 czeka?<\/h2>\t\t\t\t<\/div>\n\t\t\t\t<\/div>\n\t\t\t\t\t<\/div>\n\t\t\t\t<\/div>\n\t\t<div class=\"elementor-element elementor-element-22301b1 e-flex e-con-boxed e-con e-parent\" data-id=\"22301b1\" data-element_type=\"container\" data-e-type=\"container\">\n\t\t\t\t\t<div class=\"e-con-inner\">\n\t\t\t\t<div class=\"elementor-element elementor-element-a128fe8 elementor-widget elementor-widget-text-editor\" data-id=\"a128fe8\" data-element_type=\"widget\" data-e-type=\"widget\" data-widget_type=\"text-editor.default\">\n\t\t\t\t<div class=\"elementor-widget-container\">\n\t\t\t\t\t\t\t\t\t<p><span style=\"font-weight: 400;\">Podczas <strong>Wyprawy Adapciak<\/strong> czeka Ci\u0119 <strong>9 dni<\/strong> pe\u0142nych niezapomnianych wra\u017ce\u0144 w malowniczym <strong>Ustroniu<\/strong>. Przygotowali\u015bmy dla Ciebie:<\/span><\/p><ul><li style=\"font-weight: 400;\" aria-level=\"1\"><strong>Inspiruj\u0105ce warsztaty i rozwijaj\u0105ce szkolenia<\/strong>, kt\u00f3re pomog\u0105 Ci zdoby\u0107 cenne umiej\u0119tno\u015bci potrzebne na studiach.<\/li><li style=\"font-weight: 400;\" aria-level=\"1\"><strong>Ekscytuj\u0105ce gry terenowe<\/strong>, kt\u00f3re zapewni\u0105 mn\u00f3stwo emocji i adrenaliny.<\/li><li style=\"font-weight: 400;\" aria-level=\"1\"><strong>Wieczorne imprezy<\/strong>, podczas kt\u00f3rych b\u0119dziesz m\u00f3g\u0142 bawi\u0107 si\u0119 i integrowa\u0107 z przysz\u0142ymi i obecnymi studentami.<\/li><li style=\"font-weight: 400;\" aria-level=\"1\"><strong>Integracja ka\u017cdego dnia<\/strong>, kt\u00f3ra pozwoli Ci nawi\u0105za\u0107 nowe znajomo\u015bci i poczu\u0107 si\u0119 cz\u0119\u015bci\u0105 naszej studenckiej spo\u0142eczno\u015bci ju\u017c od pierwszego dnia.<\/li><li style=\"font-weight: 400;\" aria-level=\"1\"><strong>Fotorelacj\u0119 z wydarze\u0144<\/strong>, aby\u015b m\u00f3g\u0142 uwieczni\u0107 te wyj\u0105tkowe chwile i wraca\u0107 do nich w ka\u017cdej chwili.<\/li><\/ul><div><span style=\"font-family: var( --e-global-typography-text-font-family ); font-weight: var( --e-global-typography-text-font-weight ); text-align: var(--text-align); background-color: var(--ast-global-color-4); font-size: 1rem;\">Ka\u017cdy dzie\u0144 Adapciaka to nowe atrakcje, kt\u00f3re sprawi\u0105, \u017ce zako\u0144czenie wakacji i rozpocz\u0119cie studi\u00f3w b\u0119dzie dla Ciebie wyj\u0105tkowym do\u015bwiadczeniem. Do\u0142\u0105cz do nas i zacznij swoj\u0105 akademick\u0105 przygod\u0119 z energi\u0105, entuzjazmem i w towarzystwie nowych przyjaci\u00f3\u0142!<\/span><\/div>\t\t\t\t\t\t\t\t<\/div>\n\t\t\t\t<\/div>\n\t\t\t\t\t<\/div>\n\t\t\t\t<\/div>\n\t\t<div class=\"elementor-element elementor-element-8981868 e-flex e-con-boxed e-con e-parent\" data-id=\"8981868\" data-element_type=\"container\" data-e-type=\"container\">\n\t\t\t\t\t<div class=\"e-con-inner\">\n\t\t\t\t<div class=\"elementor-element elementor-element-6218fd7 elementor-widget elementor-widget-image\" data-id=\"6218fd7\" data-element_type=\"widget\" data-e-type=\"widget\" data-widget_type=\"image.default\">\n\t\t\t\t<div class=\"elementor-widget-container\">\n\t\t\t\t\t\t\t\t\t\t\t\t\t\t\t<img fetchpriority=\"high\" decoding=\"async\" width=\"768\" height=\"513\" src=\"https:\/\/adapciak.paneuropa.com.pl\/wp-content\/uploads\/2025\/07\/DSC04840-768x513.jpg\" class=\"attachment-medium_large size-medium_large wp-image-774\" alt=\"\" srcset=\"https:\/\/adapciak.paneuropa.com.pl\/wp-content\/uploads\/2025\/07\/DSC04840-768x513.jpg 768w, https:\/\/adapciak.paneuropa.com.pl\/wp-content\/uploads\/2025\/07\/DSC04840-300x201.jpg 300w, https:\/\/adapciak.paneuropa.com.pl\/wp-content\/uploads\/2025\/07\/DSC04840-1024x685.jpg 1024w, https:\/\/adapciak.paneuropa.com.pl\/wp-content\/uploads\/2025\/07\/DSC04840-1536x1027.jpg 1536w, https:\/\/adapciak.paneuropa.com.pl\/wp-content\/uploads\/2025\/07\/DSC04840-2048x1369.jpg 2048w\" sizes=\"(max-width: 768px) 100vw, 768px\" \/>\t\t\t\t\t\t\t\t\t\t\t\t\t\t\t<\/div>\n\t\t\t\t<\/div>\n\t\t\t\t\t<\/div>\n\t\t\t\t<\/div>\n\t\t<div class=\"elementor-element elementor-element-379d544 e-flex e-con-boxed e-con e-parent\" data-id=\"379d544\" data-element_type=\"container\" data-e-type=\"container\">\n\t\t\t\t\t<div class=\"e-con-inner\">\n\t\t\t\t<div class=\"elementor-element elementor-element-2f5ce5f elementor-widget elementor-widget-heading\" data-id=\"2f5ce5f\" data-element_type=\"widget\" data-e-type=\"widget\" data-widget_type=\"heading.default\">\n\t\t\t\t<div class=\"elementor-widget-container\">\n\t\t\t\t\t<h2 class=\"elementor-heading-title elementor-size-default\">Motywy dni<\/h2>\t\t\t\t<\/div>\n\t\t\t\t<\/div>\n\t\t\t\t\t<\/div>\n\t\t\t\t<\/div>\n\t\t<div class=\"elementor-element elementor-element-3666a20 e-flex e-con-boxed e-con e-parent\" data-id=\"3666a20\" data-element_type=\"container\" data-e-type=\"container\">\n\t\t\t\t\t<div class=\"e-con-inner\">\n\t\t\t\t<div class=\"elementor-element elementor-element-cf628d5 elementor-widget elementor-widget-text-editor\" data-id=\"cf628d5\" data-element_type=\"widget\" data-e-type=\"widget\" data-widget_type=\"text-editor.default\">\n\t\t\t\t<div class=\"elementor-widget-container\">\n\t\t\t\t\t\t\t\t\t<p>Na Adapciaku ka\u017cdy dzie\u0144 to nowa przygoda w innym motywie! Oto tegoroczne tematy:<\/p>\t\t\t\t\t\t\t\t<\/div>\n\t\t\t\t<\/div>\n\t\t\t\t\t<\/div>\n\t\t\t\t<\/div>\n\t\t<div class=\"elementor-element elementor-element-fcb78c4 e-grid e-con-boxed e-con e-parent\" data-id=\"fcb78c4\" data-element_type=\"container\" data-e-type=\"container\">\n\t\t\t\t\t<div class=\"e-con-inner\">\n\t\t\t\t<div class=\"elementor-element elementor-element-06af78a elementor-widget elementor-widget-image\" data-id=\"06af78a\" data-element_type=\"widget\" data-e-type=\"widget\" data-widget_type=\"image.default\">\n\t\t\t\t<div class=\"elementor-widget-container\">\n\t\t\t\t\t\t\t\t\t\t\t\t\t\t\t<img decoding=\"async\" width=\"1024\" height=\"300\" src=\"https:\/\/adapciak.paneuropa.com.pl\/wp-content\/uploads\/2025\/07\/Sroda-1024x300.png\" class=\"attachment-large size-large wp-image-810\" alt=\"\u015aroda\" srcset=\"https:\/\/adapciak.paneuropa.com.pl\/wp-content\/uploads\/2025\/07\/Sroda-1024x300.png 1024w, https:\/\/adapciak.paneuropa.com.pl\/wp-content\/uploads\/2025\/07\/Sroda-300x88.png 300w, https:\/\/adapciak.paneuropa.com.pl\/wp-content\/uploads\/2025\/07\/Sroda-768x225.png 768w, https:\/\/adapciak.paneuropa.com.pl\/wp-content\/uploads\/2025\/07\/Sroda.png 1316w\" sizes=\"(max-width: 1024px) 100vw, 1024px\" \/>\t\t\t\t\t\t\t\t\t\t\t\t\t\t\t<\/div>\n\t\t\t\t<\/div>\n\t\t\t\t<div class=\"elementor-element elementor-element-9e0250c elementor-widget elementor-widget-image\" data-id=\"9e0250c\" data-element_type=\"widget\" data-e-type=\"widget\" data-widget_type=\"image.default\">\n\t\t\t\t<div class=\"elementor-widget-container\">\n\t\t\t\t\t\t\t\t\t\t\t\t\t\t\t<img decoding=\"async\" width=\"1024\" height=\"300\" src=\"https:\/\/adapciak.paneuropa.com.pl\/wp-content\/uploads\/2025\/07\/Czwartek-1024x300.png\" class=\"attachment-large size-large wp-image-809\" alt=\"Czwartek\" srcset=\"https:\/\/adapciak.paneuropa.com.pl\/wp-content\/uploads\/2025\/07\/Czwartek-1024x300.png 1024w, https:\/\/adapciak.paneuropa.com.pl\/wp-content\/uploads\/2025\/07\/Czwartek-300x88.png 300w, https:\/\/adapciak.paneuropa.com.pl\/wp-content\/uploads\/2025\/07\/Czwartek-768x225.png 768w, https:\/\/adapciak.paneuropa.com.pl\/wp-content\/uploads\/2025\/07\/Czwartek.png 1316w\" sizes=\"(max-width: 1024px) 100vw, 1024px\" \/>\t\t\t\t\t\t\t\t\t\t\t\t\t\t\t<\/div>\n\t\t\t\t<\/div>\n\t\t\t\t<div class=\"elementor-element elementor-element-8610023 elementor-widget elementor-widget-image\" data-id=\"8610023\" data-element_type=\"widget\" data-e-type=\"widget\" data-widget_type=\"image.default\">\n\t\t\t\t<div class=\"elementor-widget-container\">\n\t\t\t\t\t\t\t\t\t\t\t\t\t\t\t<img loading=\"lazy\" decoding=\"async\" width=\"1024\" height=\"301\" src=\"https:\/\/adapciak.paneuropa.com.pl\/wp-content\/uploads\/2025\/07\/Piatek-1024x301.png\" class=\"attachment-large size-large wp-image-808\" alt=\"Pi\u0105tek\" srcset=\"https:\/\/adapciak.paneuropa.com.pl\/wp-content\/uploads\/2025\/07\/Piatek-1024x301.png 1024w, https:\/\/adapciak.paneuropa.com.pl\/wp-content\/uploads\/2025\/07\/Piatek-300x88.png 300w, https:\/\/adapciak.paneuropa.com.pl\/wp-content\/uploads\/2025\/07\/Piatek-768x226.png 768w, https:\/\/adapciak.paneuropa.com.pl\/wp-content\/uploads\/2025\/07\/Piatek.png 1316w\" sizes=\"(max-width: 1024px) 100vw, 1024px\" \/>\t\t\t\t\t\t\t\t\t\t\t\t\t\t\t<\/div>\n\t\t\t\t<\/div>\n\t\t\t\t<div class=\"elementor-element elementor-element-68a516e elementor-widget elementor-widget-image\" data-id=\"68a516e\" data-element_type=\"widget\" data-e-type=\"widget\" data-widget_type=\"image.default\">\n\t\t\t\t<div class=\"elementor-widget-container\">\n\t\t\t\t\t\t\t\t\t\t\t\t\t\t\t<img loading=\"lazy\" decoding=\"async\" width=\"1024\" height=\"300\" src=\"https:\/\/adapciak.paneuropa.com.pl\/wp-content\/uploads\/2025\/07\/Sobota-1024x300.png\" class=\"attachment-large size-large wp-image-811\" alt=\"Sobota\" srcset=\"https:\/\/adapciak.paneuropa.com.pl\/wp-content\/uploads\/2025\/07\/Sobota-1024x300.png 1024w, https:\/\/adapciak.paneuropa.com.pl\/wp-content\/uploads\/2025\/07\/Sobota-300x88.png 300w, https:\/\/adapciak.paneuropa.com.pl\/wp-content\/uploads\/2025\/07\/Sobota-768x225.png 768w, https:\/\/adapciak.paneuropa.com.pl\/wp-content\/uploads\/2025\/07\/Sobota.png 1316w\" sizes=\"(max-width: 1024px) 100vw, 1024px\" \/>\t\t\t\t\t\t\t\t\t\t\t\t\t\t\t<\/div>\n\t\t\t\t<\/div>\n\t\t\t\t<div class=\"elementor-element elementor-element-d462887 elementor-widget elementor-widget-image\" data-id=\"d462887\" data-element_type=\"widget\" data-e-type=\"widget\" data-widget_type=\"image.default\">\n\t\t\t\t<div class=\"elementor-widget-container\">\n\t\t\t\t\t\t\t\t\t\t\t\t\t\t\t<img loading=\"lazy\" decoding=\"async\" width=\"1024\" height=\"301\" src=\"https:\/\/adapciak.paneuropa.com.pl\/wp-content\/uploads\/2025\/07\/Niedziela-1024x301.png\" class=\"attachment-large size-large wp-image-812\" alt=\"Niedziela\" srcset=\"https:\/\/adapciak.paneuropa.com.pl\/wp-content\/uploads\/2025\/07\/Niedziela-1024x301.png 1024w, https:\/\/adapciak.paneuropa.com.pl\/wp-content\/uploads\/2025\/07\/Niedziela-300x88.png 300w, https:\/\/adapciak.paneuropa.com.pl\/wp-content\/uploads\/2025\/07\/Niedziela-768x226.png 768w, https:\/\/adapciak.paneuropa.com.pl\/wp-content\/uploads\/2025\/07\/Niedziela.png 1316w\" sizes=\"(max-width: 1024px) 100vw, 1024px\" \/>\t\t\t\t\t\t\t\t\t\t\t\t\t\t\t<\/div>\n\t\t\t\t<\/div>\n\t\t\t\t<div class=\"elementor-element elementor-element-f765829 elementor-widget elementor-widget-image\" data-id=\"f765829\" data-element_type=\"widget\" data-e-type=\"widget\" data-widget_type=\"image.default\">\n\t\t\t\t<div class=\"elementor-widget-container\">\n\t\t\t\t\t\t\t\t\t\t\t\t\t\t\t<img loading=\"lazy\" decoding=\"async\" width=\"1024\" height=\"300\" src=\"https:\/\/adapciak.paneuropa.com.pl\/wp-content\/uploads\/2025\/07\/Poniedzialek-1024x300.png\" class=\"attachment-large size-large wp-image-815\" alt=\"Poniedzia\u0142ek\" srcset=\"https:\/\/adapciak.paneuropa.com.pl\/wp-content\/uploads\/2025\/07\/Poniedzialek-1024x300.png 1024w, https:\/\/adapciak.paneuropa.com.pl\/wp-content\/uploads\/2025\/07\/Poniedzialek-300x88.png 300w, https:\/\/adapciak.paneuropa.com.pl\/wp-content\/uploads\/2025\/07\/Poniedzialek-768x225.png 768w, https:\/\/adapciak.paneuropa.com.pl\/wp-content\/uploads\/2025\/07\/Poniedzialek.png 1316w\" sizes=\"(max-width: 1024px) 100vw, 1024px\" \/>\t\t\t\t\t\t\t\t\t\t\t\t\t\t\t<\/div>\n\t\t\t\t<\/div>\n\t\t\t\t<div class=\"elementor-element elementor-element-edf0159 elementor-widget elementor-widget-image\" data-id=\"edf0159\" data-element_type=\"widget\" data-e-type=\"widget\" data-widget_type=\"image.default\">\n\t\t\t\t<div class=\"elementor-widget-container\">\n\t\t\t\t\t\t\t\t\t\t\t\t\t\t\t<img loading=\"lazy\" decoding=\"async\" width=\"1024\" height=\"300\" src=\"https:\/\/adapciak.paneuropa.com.pl\/wp-content\/uploads\/2025\/07\/Wtorek-1024x300.png\" class=\"attachment-large size-large wp-image-813\" alt=\"Wtorek\" srcset=\"https:\/\/adapciak.paneuropa.com.pl\/wp-content\/uploads\/2025\/07\/Wtorek-1024x300.png 1024w, https:\/\/adapciak.paneuropa.com.pl\/wp-content\/uploads\/2025\/07\/Wtorek-300x88.png 300w, https:\/\/adapciak.paneuropa.com.pl\/wp-content\/uploads\/2025\/07\/Wtorek-768x225.png 768w, https:\/\/adapciak.paneuropa.com.pl\/wp-content\/uploads\/2025\/07\/Wtorek.png 1316w\" sizes=\"(max-width: 1024px) 100vw, 1024px\" \/>\t\t\t\t\t\t\t\t\t\t\t\t\t\t\t<\/div>\n\t\t\t\t<\/div>\n\t\t\t\t<div class=\"elementor-element elementor-element-57a4ca9 elementor-widget elementor-widget-image\" data-id=\"57a4ca9\" data-element_type=\"widget\" data-e-type=\"widget\" data-widget_type=\"image.default\">\n\t\t\t\t<div class=\"elementor-widget-container\">\n\t\t\t\t\t\t\t\t\t\t\t\t\t\t\t<img loading=\"lazy\" decoding=\"async\" width=\"1024\" height=\"300\" src=\"https:\/\/adapciak.paneuropa.com.pl\/wp-content\/uploads\/2025\/07\/Sroda2-1024x300.png\" class=\"attachment-large size-large wp-image-814\" alt=\"\u015aroda2\" srcset=\"https:\/\/adapciak.paneuropa.com.pl\/wp-content\/uploads\/2025\/07\/Sroda2-1024x300.png 1024w, https:\/\/adapciak.paneuropa.com.pl\/wp-content\/uploads\/2025\/07\/Sroda2-300x88.png 300w, https:\/\/adapciak.paneuropa.com.pl\/wp-content\/uploads\/2025\/07\/Sroda2-768x225.png 768w, https:\/\/adapciak.paneuropa.com.pl\/wp-content\/uploads\/2025\/07\/Sroda2.png 1316w\" sizes=\"(max-width: 1024px) 100vw, 1024px\" \/>\t\t\t\t\t\t\t\t\t\t\t\t\t\t\t<\/div>\n\t\t\t\t<\/div>\n\t\t\t\t\t<\/div>\n\t\t\t\t<\/div>\n\t\t\t\t<\/div>\n\t\t","protected":false},"excerpt":{"rendered":"<p>Co ci\u0119 czeka? Podczas Wyprawy Adapciak czeka Ci\u0119 9 dni pe\u0142nych niezapomnianych wra\u017ce\u0144 w malowniczym Ustroniu. Przygotowali\u015bmy dla Ciebie: Inspiruj\u0105ce [&hellip;]<\/p>\n","protected":false},"author":1,"featured_media":0,"parent":0,"menu_order":0,"comment_status":"closed","ping_status":"closed","template":"","meta":{"site-sidebar-layout":"no-sidebar","site-content-layout":"","ast-site-content-layout":"full-width-container","site-content-style":"default","site-sidebar-style":"default","ast-global-header-display":"","ast-banner-title-visibility":"","ast-main-header-display":"","ast-hfb-above-header-display":"","ast-hfb-below-header-display":"","ast-hfb-mobile-header-display":"","site-post-title":"disabled","ast-breadcrumbs-content":"","ast-featured-img":"disabled","footer-sml-layout":"","theme-transparent-header-meta":"","adv-header-id-meta":"","stick-header-meta":"","header-above-stick-meta":"","header-main-stick-meta":"","header-below-stick-meta":"","astra-migrate-meta-layouts":"default","ast-page-background-enabled":"default","ast-page-background-meta":{"desktop":{"background-color":"var(--ast-global-color-4)","background-image":"","background-repeat":"repeat","background-position":"center center","background-size":"auto","background-attachment":"scroll","background-type":"","background-media":"","overlay-type":"","overlay-color":"","overlay-opacity":"","overlay-gradient":""},"tablet":{"background-color":"","background-image":"","background-repeat":"repeat","background-position":"center center","background-size":"auto","background-attachment":"scroll","background-type":"","background-media":"","overlay-type":"","overlay-color":"","overlay-opacity":"","overlay-gradient":""},"mobile":{"background-color":"","background-image":"","background-repeat":"repeat","background-position":"center center","background-size":"auto","background-attachment":"scroll","background-type":"","background-media":"","overlay-type":"","overlay-color":"","overlay-opacity":"","overlay-gradient":""}},"ast-content-background-meta":{"desktop":{"background-color":"var(--ast-global-color-5)","background-image":"","background-repeat":"repeat","background-position":"center center","background-size":"auto","background-attachment":"scroll","background-type":"","background-media":"","overlay-type":"","overlay-color":"","overlay-opacity":"","overlay-gradient":""},"tablet":{"background-color":"var(--ast-global-color-5)","background-image":"","background-repeat":"repeat","background-position":"center center","background-size":"auto","background-attachment":"scroll","background-type":"","background-media":"","overlay-type":"","overlay-color":"","overlay-opacity":"","overlay-gradient":""},"mobile":{"background-color":"var(--ast-global-color-5)","background-image":"","background-repeat":"repeat","background-position":"center center","background-size":"auto","background-attachment":"scroll","background-type":"","background-media":"","overlay-type":"","overlay-color":"","overlay-opacity":"","overlay-gradient":""}},"footnotes":""},"class_list":["post-72","page","type-page","status-publish","hentry"],"_links":{"self":[{"href":"https:\/\/adapciak.paneuropa.com.pl\/index.php?rest_route=\/wp\/v2\/pages\/72","targetHints":{"allow":["GET"]}}],"collection":[{"href":"https:\/\/adapciak.paneuropa.com.pl\/index.php?rest_route=\/wp\/v2\/pages"}],"about":[{"href":"https:\/\/adapciak.paneuropa.com.pl\/index.php?rest_route=\/wp\/v2\/types\/page"}],"author":[{"embeddable":true,"href":"https:\/\/adapciak.paneuropa.com.pl\/index.php?rest_route=\/wp\/v2\/users\/1"}],"replies":[{"embeddable":true,"href":"https:\/\/adapciak.paneuropa.com.pl\/index.php?rest_route=%2Fwp%2Fv2%2Fcomments&post=72"}],"version-history":[{"count":46,"href":"https:\/\/adapciak.paneuropa.com.pl\/index.php?rest_route=\/wp\/v2\/pages\/72\/revisions"}],"predecessor-version":[{"id":818,"href":"https:\/\/adapciak.paneuropa.com.pl\/index.php?rest_route=\/wp\/v2\/pages\/72\/revisions\/818"}],"wp:attachment":[{"href":"https:\/\/adapciak.paneuropa.com.pl\/index.php?rest_route=%2Fwp%2Fv2%2Fmedia&parent=72"}],"curies":[{"name":"wp","href":"https:\/\/api.w.org\/{rel}","templated":true}]}}