{"id":75,"date":"2024-07-03T19:56:35","date_gmt":"2024-07-03T19:56:35","guid":{"rendered":"https:\/\/adapciak.paneuropa.com.pl\/?page_id=75"},"modified":"2025-07-10T14:48:25","modified_gmt":"2025-07-10T14:48:25","slug":"co-zawiera-cena","status":"publish","type":"page","link":"https:\/\/adapciak.paneuropa.com.pl\/?page_id=75","title":{"rendered":"Co zawiera cena?"},"content":{"rendered":"\t\t<div data-elementor-type=\"wp-page\" data-elementor-id=\"75\" class=\"elementor elementor-75\">\n\t\t\t\t<div class=\"elementor-element elementor-element-48bf3db e-flex e-con-boxed e-con e-parent\" data-id=\"48bf3db\" data-element_type=\"container\" data-e-type=\"container\">\n\t\t\t\t\t<div class=\"e-con-inner\">\n\t\t\t\t<div class=\"elementor-element elementor-element-3d5b23e elementor-widget elementor-widget-heading\" data-id=\"3d5b23e\" data-element_type=\"widget\" data-e-type=\"widget\" data-widget_type=\"heading.default\">\n\t\t\t\t<div class=\"elementor-widget-container\">\n\t\t\t\t\t<h2 class=\"elementor-heading-title elementor-size-default\">Cena? 1099 z\u0142! Co zawiera?<\/h2>\t\t\t\t<\/div>\n\t\t\t\t<\/div>\n\t\t\t\t\t<\/div>\n\t\t\t\t<\/div>\n\t\t<div class=\"elementor-element elementor-element-a8c4a16 e-flex e-con-boxed e-con e-parent\" data-id=\"a8c4a16\" data-element_type=\"container\" data-e-type=\"container\">\n\t\t\t\t\t<div class=\"e-con-inner\">\n\t\t\t\t<div class=\"elementor-element elementor-element-cd8fdaa elementor-widget elementor-widget-text-editor\" data-id=\"cd8fdaa\" data-element_type=\"widget\" data-e-type=\"widget\" data-widget_type=\"text-editor.default\">\n\t\t\t\t<div class=\"elementor-widget-container\">\n\t\t\t\t\t\t\t\t\t<p><span style=\"font-weight: 400;\">Cena wyjazdu obejmuje wszystko, co potrzebne, aby\u015b m\u00f3g\u0142 cieszy\u0107 si\u0119 bezstresow\u0105 i pe\u0142n\u0105 wra\u017ce\u0144 przygod\u0105:<\/span><\/p><ol><li style=\"font-weight: 400;\" aria-level=\"1\"><b>Noclegi<\/b><span style=\"font-weight: 400;\">: 8 nocleg\u00f3w w komfortowym O\u015brodku Wczasowym &#8222;Ondraszek&#8221; w malowniczym Ustroniu.<\/span><\/li><li style=\"font-weight: 400;\" aria-level=\"1\"><b>Wy\u017cywienie<\/b><span style=\"font-weight: 400;\">: Pe\u0142ne wy\u017cywienie z trzema posi\u0142kami dziennie, gwarantuj\u0105ce energi\u0119 na ca\u0142y dzie\u0144 pe\u0142en aktywno\u015bci.<\/span><\/li><li style=\"font-weight: 400;\" aria-level=\"1\"><b>Transport<\/b><span style=\"font-weight: 400;\">: Przew\u00f3z autokarem w obie strony, zapewniaj\u0105cy wygodny i bezpieczny dojazd na miejsce oraz powr\u00f3t.<\/span><\/li><li style=\"font-weight: 400;\" aria-level=\"1\"><b>Ubezpieczenie<\/b><span style=\"font-weight: 400;\">: Kompleksowe ubezpieczenie NNW, kt\u00f3re daje poczucie bezpiecze\u0144stwa przez ca\u0142y czas trwania wyjazdu.<\/span><\/li><li style=\"font-weight: 400;\" aria-level=\"1\"><b>Gad\u017cety<\/b><span style=\"font-weight: 400;\">: Unikalne gad\u017cety zapewnione przez naszych partner\u00f3w, kt\u00f3re b\u0119d\u0105 mi\u0142\u0105 pami\u0105tk\u0105.<\/span><\/li><li style=\"font-weight: 400;\" aria-level=\"1\"><b>Koszulka Adapciakowa<\/b><span style=\"font-weight: 400;\">: Wyj\u0105tkowa koszulka, kt\u00f3ra b\u0119dzie doskona\u0142ym wspomnieniem z wyjazdu i \u015bwietnym elementem garderoby.<\/span><\/li><li style=\"font-weight: 400;\" aria-level=\"1\"><b>Fotorelacja<\/b><span style=\"font-weight: 400;\">: Fotorelacja z wydarze\u0144 i imprez tematycznych, aby\u015b m\u00f3g\u0142 uwieczni\u0107 te niezapomniane chwile.<\/span><\/li><\/ol><p><span style=\"font-weight: 400;\">Do\u0142\u0105cz do nas i ciesz si\u0119 wszystkimi atrakcjami, kt\u00f3re przygotowali\u015bmy specjalnie dla Ciebie!<\/span><\/p>\t\t\t\t\t\t\t\t<\/div>\n\t\t\t\t<\/div>\n\t\t\t\t\t<\/div>\n\t\t\t\t<\/div>\n\t\t<div class=\"elementor-element elementor-element-56a064d e-flex e-con-boxed e-con e-parent\" data-id=\"56a064d\" data-element_type=\"container\" data-e-type=\"container\">\n\t\t\t\t\t<div class=\"e-con-inner\">\n\t\t\t\t<div class=\"elementor-element elementor-element-42cda60 elementor-widget elementor-widget-heading\" data-id=\"42cda60\" data-element_type=\"widget\" data-e-type=\"widget\" data-widget_type=\"heading.default\">\n\t\t\t\t<div class=\"elementor-widget-container\">\n\t\t\t\t\t<h2 class=\"elementor-heading-title elementor-size-default\">Mamy ju\u017c wszystko, brakuje tylko Ciebie!<\/h2>\t\t\t\t<\/div>\n\t\t\t\t<\/div>\n\t\t\t\t<div class=\"elementor-element elementor-element-298c62e elementor-widget elementor-widget-image\" data-id=\"298c62e\" data-element_type=\"widget\" data-e-type=\"widget\" data-widget_type=\"image.default\">\n\t\t\t\t<div class=\"elementor-widget-container\">\n\t\t\t\t\t\t\t\t\t\t\t\t\t\t\t<img fetchpriority=\"high\" decoding=\"async\" width=\"1024\" height=\"685\" src=\"https:\/\/adapciak.paneuropa.com.pl\/wp-content\/uploads\/2025\/07\/DSC05319-1024x685.jpg\" class=\"attachment-large size-large wp-image-770\" alt=\"\" srcset=\"https:\/\/adapciak.paneuropa.com.pl\/wp-content\/uploads\/2025\/07\/DSC05319-1024x685.jpg 1024w, https:\/\/adapciak.paneuropa.com.pl\/wp-content\/uploads\/2025\/07\/DSC05319-300x201.jpg 300w, https:\/\/adapciak.paneuropa.com.pl\/wp-content\/uploads\/2025\/07\/DSC05319-768x513.jpg 768w, https:\/\/adapciak.paneuropa.com.pl\/wp-content\/uploads\/2025\/07\/DSC05319-1536x1027.jpg 1536w, https:\/\/adapciak.paneuropa.com.pl\/wp-content\/uploads\/2025\/07\/DSC05319-2048x1369.jpg 2048w\" sizes=\"(max-width: 1024px) 100vw, 1024px\" \/>\t\t\t\t\t\t\t\t\t\t\t\t\t\t\t<\/div>\n\t\t\t\t<\/div>\n\t\t\t\t\t<\/div>\n\t\t\t\t<\/div>\n\t\t\t\t<\/div>\n\t\t","protected":false},"excerpt":{"rendered":"<p>Cena? 1099 z\u0142! Co zawiera? Cena wyjazdu obejmuje wszystko, co potrzebne, aby\u015b m\u00f3g\u0142 cieszy\u0107 si\u0119 bezstresow\u0105 i pe\u0142n\u0105 wra\u017ce\u0144 przygod\u0105: [&hellip;]<\/p>\n","protected":false},"author":1,"featured_media":0,"parent":0,"menu_order":0,"comment_status":"closed","ping_status":"closed","template":"","meta":{"site-sidebar-layout":"no-sidebar","site-content-layout":"","ast-site-content-layout":"full-width-container","site-content-style":"default","site-sidebar-style":"default","ast-global-header-display":"","ast-banner-title-visibility":"","ast-main-header-display":"","ast-hfb-above-header-display":"","ast-hfb-below-header-display":"","ast-hfb-mobile-header-display":"","site-post-title":"disabled","ast-breadcrumbs-content":"","ast-featured-img":"disabled","footer-sml-layout":"","theme-transparent-header-meta":"","adv-header-id-meta":"","stick-header-meta":"","header-above-stick-meta":"","header-main-stick-meta":"","header-below-stick-meta":"","astra-migrate-meta-layouts":"default","ast-page-background-enabled":"default","ast-page-background-meta":{"desktop":{"background-color":"var(--ast-global-color-4)","background-image":"","background-repeat":"repeat","background-position":"center center","background-size":"auto","background-attachment":"scroll","background-type":"","background-media":"","overlay-type":"","overlay-color":"","overlay-opacity":"","overlay-gradient":""},"tablet":{"background-color":"","background-image":"","background-repeat":"repeat","background-position":"center center","background-size":"auto","background-attachment":"scroll","background-type":"","background-media":"","overlay-type":"","overlay-color":"","overlay-opacity":"","overlay-gradient":""},"mobile":{"background-color":"","background-image":"","background-repeat":"repeat","background-position":"center center","background-size":"auto","background-attachment":"scroll","background-type":"","background-media":"","overlay-type":"","overlay-color":"","overlay-opacity":"","overlay-gradient":""}},"ast-content-background-meta":{"desktop":{"background-color":"var(--ast-global-color-5)","background-image":"","background-repeat":"repeat","background-position":"center center","background-size":"auto","background-attachment":"scroll","background-type":"","background-media":"","overlay-type":"","overlay-color":"","overlay-opacity":"","overlay-gradient":""},"tablet":{"background-color":"var(--ast-global-color-5)","background-image":"","background-repeat":"repeat","background-position":"center center","background-size":"auto","background-attachment":"scroll","background-type":"","background-media":"","overlay-type":"","overlay-color":"","overlay-opacity":"","overlay-gradient":""},"mobile":{"background-color":"var(--ast-global-color-5)","background-image":"","background-repeat":"repeat","background-position":"center center","background-size":"auto","background-attachment":"scroll","background-type":"","background-media":"","overlay-type":"","overlay-color":"","overlay-opacity":"","overlay-gradient":""}},"footnotes":""},"class_list":["post-75","page","type-page","status-publish","hentry"],"_links":{"self":[{"href":"https:\/\/adapciak.paneuropa.com.pl\/index.php?rest_route=\/wp\/v2\/pages\/75","targetHints":{"allow":["GET"]}}],"collection":[{"href":"https:\/\/adapciak.paneuropa.com.pl\/index.php?rest_route=\/wp\/v2\/pages"}],"about":[{"href":"https:\/\/adapciak.paneuropa.com.pl\/index.php?rest_route=\/wp\/v2\/types\/page"}],"author":[{"embeddable":true,"href":"https:\/\/adapciak.paneuropa.com.pl\/index.php?rest_route=\/wp\/v2\/users\/1"}],"replies":[{"embeddable":true,"href":"https:\/\/adapciak.paneuropa.com.pl\/index.php?rest_route=%2Fwp%2Fv2%2Fcomments&post=75"}],"version-history":[{"count":34,"href":"https:\/\/adapciak.paneuropa.com.pl\/index.php?rest_route=\/wp\/v2\/pages\/75\/revisions"}],"predecessor-version":[{"id":801,"href":"https:\/\/adapciak.paneuropa.com.pl\/index.php?rest_route=\/wp\/v2\/pages\/75\/revisions\/801"}],"wp:attachment":[{"href":"https:\/\/adapciak.paneuropa.com.pl\/index.php?rest_route=%2Fwp%2Fv2%2Fmedia&parent=75"}],"curies":[{"name":"wp","href":"https:\/\/api.w.org\/{rel}","templated":true}]}}