{"id":77,"date":"2024-07-03T19:56:35","date_gmt":"2024-07-03T19:56:35","guid":{"rendered":"https:\/\/adapciak.paneuropa.com.pl\/?page_id=77"},"modified":"2025-07-07T05:30:38","modified_gmt":"2025-07-07T05:30:38","slug":"kontakt","status":"publish","type":"page","link":"https:\/\/adapciak.paneuropa.com.pl\/?page_id=77","title":{"rendered":"Kontakt"},"content":{"rendered":"\t\t<div data-elementor-type=\"wp-page\" data-elementor-id=\"77\" class=\"elementor elementor-77\">\n\t\t\t\t<div class=\"elementor-element elementor-element-ea16d19 e-flex e-con-boxed e-con e-parent\" data-id=\"ea16d19\" data-element_type=\"container\" data-e-type=\"container\">\n\t\t\t\t\t<div class=\"e-con-inner\">\n\t\t\t\t<div class=\"elementor-element elementor-element-2d4d8c3 elementor-widget elementor-widget-heading\" data-id=\"2d4d8c3\" data-element_type=\"widget\" data-e-type=\"widget\" data-widget_type=\"heading.default\">\n\t\t\t\t<div class=\"elementor-widget-container\">\n\t\t\t\t\t<h2 class=\"elementor-heading-title elementor-size-default\">Kontakt<\/h2>\t\t\t\t<\/div>\n\t\t\t\t<\/div>\n\t\t\t\t<div class=\"elementor-element elementor-element-55cb653 elementor-widget elementor-widget-text-editor\" data-id=\"55cb653\" data-element_type=\"widget\" data-e-type=\"widget\" data-widget_type=\"text-editor.default\">\n\t\t\t\t<div class=\"elementor-widget-container\">\n\t\t\t\t\t\t\t\t\t<p>Masz pytania dotycz\u0105ce Wyprawy Adapciak? Ch\u0119tnie na nie odpowiemy! Skontaktuj si\u0119 z nami, aby uzyska\u0107 wszelkie informacje potrzebne do udzia\u0142u w tym wyj\u0105tkowym wydarzeniu.<\/p>\t\t\t\t\t\t\t\t<\/div>\n\t\t\t\t<\/div>\n\t\t<div class=\"elementor-element elementor-element-b34b993 e-con-full e-grid e-con e-child\" data-id=\"b34b993\" data-element_type=\"container\" data-e-type=\"container\">\n\t\t\t\t<div class=\"elementor-element elementor-element-b46669c elementor-widget elementor-widget-text-editor\" data-id=\"b46669c\" data-element_type=\"widget\" data-e-type=\"widget\" data-widget_type=\"text-editor.default\">\n\t\t\t\t<div class=\"elementor-widget-container\">\n\t\t\t\t\t\t\t\t\t<p><span style=\"font-weight: bold;\">Ivo Nowak<\/span><span style=\"font-weight: bold;\"><br \/><\/span><span style=\"font-family: var( --e-global-typography-text-font-family ); font-style: inherit; text-align: var(--text-align); background-color: var(--ast-global-color-4);\">Przewodnicz\u0105cy Organizacji<br \/><img decoding=\"async\" class=\"alignnone wp-image-429\" src=\"https:\/\/adapciak.paneuropa.com.pl\/wp-content\/uploads\/2024\/07\/telephone-300x300.png\" alt=\"\" width=\"20\" height=\"20\" srcset=\"https:\/\/adapciak.paneuropa.com.pl\/wp-content\/uploads\/2024\/07\/telephone-300x300.png 300w, https:\/\/adapciak.paneuropa.com.pl\/wp-content\/uploads\/2024\/07\/telephone-150x150.png 150w, https:\/\/adapciak.paneuropa.com.pl\/wp-content\/uploads\/2024\/07\/telephone.png 512w\" sizes=\"(max-width: 20px) 100vw, 20px\" \/> <span data-sheets-root=\"1\">575 223 340<\/span><br \/><\/span>\ufe0e<img decoding=\"async\" class=\"alignnone wp-image-430\" src=\"https:\/\/adapciak.paneuropa.com.pl\/wp-content\/uploads\/2024\/07\/mail-1-300x300.png\" alt=\"\" width=\"21\" height=\"21\" srcset=\"https:\/\/adapciak.paneuropa.com.pl\/wp-content\/uploads\/2024\/07\/mail-1-300x300.png 300w, https:\/\/adapciak.paneuropa.com.pl\/wp-content\/uploads\/2024\/07\/mail-1-150x150.png 150w, https:\/\/adapciak.paneuropa.com.pl\/wp-content\/uploads\/2024\/07\/mail-1.png 512w\" sizes=\"(max-width: 21px) 100vw, 21px\" \/> <span data-sheets-root=\"1\">ivo.nowak04@gmail.com<\/span><br \/>Organizacja Studencka PANEUROPA<br \/><span style=\"font-size: 16px;\">Uniwersytetu Ekonomicznego w Katowicach<br \/><\/span>1-Maja 50<br \/>40-287 Katowice<\/p>\t\t\t\t\t\t\t\t<\/div>\n\t\t\t\t<\/div>\n\t\t\t\t<div class=\"elementor-element elementor-element-4be1ba6 elementor-widget elementor-widget-text-editor\" data-id=\"4be1ba6\" data-element_type=\"widget\" data-e-type=\"widget\" data-widget_type=\"text-editor.default\">\n\t\t\t\t<div class=\"elementor-widget-container\">\n\t\t\t\t\t\t\t\t\t<p><span style=\"font-weight: bold;\">Media Spo\u0142eczno\u015bciowe:<br \/><\/span><img decoding=\"async\" class=\"alignnone wp-image-420\" src=\"https:\/\/adapciak.paneuropa.com.pl\/wp-content\/uploads\/2024\/07\/messenger.png\" alt=\"\" width=\"20\" height=\"20\" \/> <a href=\"https:\/\/m.me\/@PaneuropaAdapciak\">PaneuropaAdapciak<\/a><br \/><img loading=\"lazy\" decoding=\"async\" class=\"alignnone wp-image-415\" src=\"https:\/\/adapciak.paneuropa.com.pl\/wp-content\/uploads\/2024\/07\/send-300x300.png\" alt=\"\" width=\"20\" height=\"20\" srcset=\"https:\/\/adapciak.paneuropa.com.pl\/wp-content\/uploads\/2024\/07\/send-300x300.png 300w, https:\/\/adapciak.paneuropa.com.pl\/wp-content\/uploads\/2024\/07\/send-150x150.png 150w, https:\/\/adapciak.paneuropa.com.pl\/wp-content\/uploads\/2024\/07\/send.png 512w\" sizes=\"(max-width: 20px) 100vw, 20px\" \/> <a href=\"https:\/\/ig.me\/m\/paneuropa_ue\">@paneuropa_ue<\/a><\/p><p><img loading=\"lazy\" decoding=\"async\" class=\"alignnone wp-image-421\" src=\"https:\/\/adapciak.paneuropa.com.pl\/wp-content\/uploads\/2024\/07\/social-media.png\" alt=\"\" width=\"20\" height=\"20\" \/> <a href=\"https:\/\/www.facebook.com\/PaneuropaAdapciak\">PaneuropaAdapciak<\/a><br \/><img loading=\"lazy\" decoding=\"async\" class=\"alignnone wp-image-422\" src=\"https:\/\/adapciak.paneuropa.com.pl\/wp-content\/uploads\/2024\/07\/instagram-1.png\" alt=\"\" width=\"20\" height=\"20\" \/> <a href=\"https:\/\/www.instagram.com\/paneuropa_ue?igsh=MTZzYXphYWdraGZxcA==\">@paneuropa_ue<\/a><br \/><img loading=\"lazy\" decoding=\"async\" class=\"alignnone wp-image-423\" src=\"https:\/\/adapciak.paneuropa.com.pl\/wp-content\/uploads\/2024\/07\/tik-tok-1.png\" alt=\"\" width=\"20\" height=\"20\" \/> <a href=\"https:\/\/www.tiktok.com\/@wyprawaadapciak\">@wyprawaadapciak<\/a><\/p>\t\t\t\t\t\t\t\t<\/div>\n\t\t\t\t<\/div>\n\t\t\t\t<\/div>\n\t\t<div class=\"elementor-element elementor-element-8ece183 e-con-full e-flex e-con e-child\" data-id=\"8ece183\" data-element_type=\"container\" data-e-type=\"container\">\n\t\t\t\t<div class=\"elementor-element elementor-element-9a1d70a elementor-widget elementor-widget-text-editor\" data-id=\"9a1d70a\" data-element_type=\"widget\" data-e-type=\"widget\" data-widget_type=\"text-editor.default\">\n\t\t\t\t<div class=\"elementor-widget-container\">\n\t\t\t\t\t\t\t\t\t<p>Jeste\u015bmy tutaj, aby pom\u00f3c i zapewni\u0107 Ci wszelkie niezb\u0119dne informacje.<\/p>\t\t\t\t\t\t\t\t<\/div>\n\t\t\t\t<\/div>\n\t\t\t\t<\/div>\n\t\t\t\t\t<\/div>\n\t\t\t\t<\/div>\n\t\t\t\t<\/div>\n\t\t","protected":false},"excerpt":{"rendered":"<p>Kontakt Masz pytania dotycz\u0105ce Wyprawy Adapciak? Ch\u0119tnie na nie odpowiemy! Skontaktuj si\u0119 z nami, aby uzyska\u0107 wszelkie informacje potrzebne do [&hellip;]<\/p>\n","protected":false},"author":1,"featured_media":0,"parent":0,"menu_order":0,"comment_status":"closed","ping_status":"closed","template":"","meta":{"site-sidebar-layout":"no-sidebar","site-content-layout":"","ast-site-content-layout":"full-width-container","site-content-style":"default","site-sidebar-style":"default","ast-global-header-display":"","ast-banner-title-visibility":"","ast-main-header-display":"","ast-hfb-above-header-display":"","ast-hfb-below-header-display":"","ast-hfb-mobile-header-display":"","site-post-title":"disabled","ast-breadcrumbs-content":"","ast-featured-img":"disabled","footer-sml-layout":"","theme-transparent-header-meta":"","adv-header-id-meta":"","stick-header-meta":"","header-above-stick-meta":"","header-main-stick-meta":"","header-below-stick-meta":"","astra-migrate-meta-layouts":"default","ast-page-background-enabled":"default","ast-page-background-meta":{"desktop":{"background-color":"var(--ast-global-color-4)","background-image":"","background-repeat":"repeat","background-position":"center center","background-size":"auto","background-attachment":"scroll","background-type":"","background-media":"","overlay-type":"","overlay-color":"","overlay-opacity":"","overlay-gradient":""},"tablet":{"background-color":"","background-image":"","background-repeat":"repeat","background-position":"center center","background-size":"auto","background-attachment":"scroll","background-type":"","background-media":"","overlay-type":"","overlay-color":"","overlay-opacity":"","overlay-gradient":""},"mobile":{"background-color":"","background-image":"","background-repeat":"repeat","background-position":"center center","background-size":"auto","background-attachment":"scroll","background-type":"","background-media":"","overlay-type":"","overlay-color":"","overlay-opacity":"","overlay-gradient":""}},"ast-content-background-meta":{"desktop":{"background-color":"var(--ast-global-color-5)","background-image":"","background-repeat":"repeat","background-position":"center center","background-size":"auto","background-attachment":"scroll","background-type":"","background-media":"","overlay-type":"","overlay-color":"","overlay-opacity":"","overlay-gradient":""},"tablet":{"background-color":"var(--ast-global-color-5)","background-image":"","background-repeat":"repeat","background-position":"center center","background-size":"auto","background-attachment":"scroll","background-type":"","background-media":"","overlay-type":"","overlay-color":"","overlay-opacity":"","overlay-gradient":""},"mobile":{"background-color":"var(--ast-global-color-5)","background-image":"","background-repeat":"repeat","background-position":"center center","background-size":"auto","background-attachment":"scroll","background-type":"","background-media":"","overlay-type":"","overlay-color":"","overlay-opacity":"","overlay-gradient":""}},"footnotes":""},"class_list":["post-77","page","type-page","status-publish","hentry"],"_links":{"self":[{"href":"https:\/\/adapciak.paneuropa.com.pl\/index.php?rest_route=\/wp\/v2\/pages\/77","targetHints":{"allow":["GET"]}}],"collection":[{"href":"https:\/\/adapciak.paneuropa.com.pl\/index.php?rest_route=\/wp\/v2\/pages"}],"about":[{"href":"https:\/\/adapciak.paneuropa.com.pl\/index.php?rest_route=\/wp\/v2\/types\/page"}],"author":[{"embeddable":true,"href":"https:\/\/adapciak.paneuropa.com.pl\/index.php?rest_route=\/wp\/v2\/users\/1"}],"replies":[{"embeddable":true,"href":"https:\/\/adapciak.paneuropa.com.pl\/index.php?rest_route=%2Fwp%2Fv2%2Fcomments&post=77"}],"version-history":[{"count":39,"href":"https:\/\/adapciak.paneuropa.com.pl\/index.php?rest_route=\/wp\/v2\/pages\/77\/revisions"}],"predecessor-version":[{"id":789,"href":"https:\/\/adapciak.paneuropa.com.pl\/index.php?rest_route=\/wp\/v2\/pages\/77\/revisions\/789"}],"wp:attachment":[{"href":"https:\/\/adapciak.paneuropa.com.pl\/index.php?rest_route=%2Fwp%2Fv2%2Fmedia&parent=77"}],"curies":[{"name":"wp","href":"https:\/\/api.w.org\/{rel}","templated":true}]}}